{"id":65,"date":"2018-04-03T14:10:19","date_gmt":"2018-04-03T14:10:19","guid":{"rendered":"http:\/\/GutDing.s17756220.onlinehome-server.info\/?page_id=65"},"modified":"2023-06-20T10:03:24","modified_gmt":"2023-06-20T08:03:24","slug":"wie","status":"publish","type":"page","link":"https:\/\/gutding-landsberg.de\/?page_id=65","title":{"rendered":"WIE?"},"content":{"rendered":"<h2>Warenannahme<\/h2>\n<div style=\"margin-left: -200px; position: absolute;\"><img decoding=\"async\" style=\"width: 150px; height: 150px;\" src=\"https:\/\/gutding-landsberg.de\/wp-content\/uploads\/2018\/04\/logo-150x150.png\" alt=\"\" \/><\/div>\n<div style=\"margin-left: -250px; margin-top: -20px; position: absolute;\"><img loading=\"lazy\" decoding=\"async\" width=\"150\" height=\"150\" class=\"size-thumbnail wp-image-86 alignnone\" style=\"width: 50px; height: 50px;\" src=\"https:\/\/gutding-landsberg.de\/wp-content\/uploads\/2018\/04\/logo-150x150.png\" alt=\"\" \/><\/div>\n<div style=\"margin-left: -150px; margin-top: 153px; position: absolute;\"><img loading=\"lazy\" decoding=\"async\" width=\"150\" height=\"150\" class=\"size-thumbnail wp-image-86 alignnone\" style=\"width: 40px; height: 40px;\" src=\"https:\/\/gutding-landsberg.de\/wp-content\/uploads\/2018\/04\/logo-150x150.png\" alt=\"\" \/><\/div>\n<div style=\"margin-left: -260px; margin-top: 130px; position: absolute;\"><img loading=\"lazy\" decoding=\"async\" width=\"150\" height=\"150\" class=\"size-thumbnail wp-image-86 alignnone\" style=\"width: 50px; height: 50px;\" src=\"https:\/\/gutding-landsberg.de\/wp-content\/uploads\/2018\/04\/logo-150x150.png\" alt=\"\" \/><\/div>\n<div style=\"margin-left: -290px; margin-top: 50px; position: absolute;\"><img loading=\"lazy\" decoding=\"async\" width=\"150\" height=\"150\" class=\"size-thumbnail wp-image-86 alignnone\" style=\"width: 60px; height: 60px;\" src=\"https:\/\/gutding-landsberg.de\/wp-content\/uploads\/2018\/04\/logo-150x150.png\" alt=\"\" \/><\/div>\n<div style=\"margin-left: -230px; margin-top: 190px; position: absolute;\"><img loading=\"lazy\" decoding=\"async\" width=\"150\" height=\"150\" class=\"size-thumbnail wp-image-86 alignnone\" style=\"width: 80px; height: 80px;\" src=\"https:\/\/gutding-landsberg.de\/wp-content\/uploads\/2018\/04\/logo-150x150.png\" alt=\"\" \/><\/div>\n<p>Die Warenannahme erfolgt nach vorheriger Terminvereinbarung.<br \/>\nBitte rufen Sie mich unter 08191 973 04 80 w\u00e4hrend meiner <a href=\"\/?page_id=42\">\u00d6ffnungszeiten<\/a> an oder senden Sie mir eine Mail an edith.scheurich@gutding-landsberg.de<\/p>\n<p>GutDing Secondhand \u00fcbernimmt die gebrachte Ware f\u00fcr zwei Monate auf Kommission. Die Ware wird nicht angekauft. Pro Einlieferung nimmt GutDing max. 30 Bekleidungsteile pro Kunde an.<\/p>\n<h2>Verkaufserl\u00f6s<\/h2>\n<p>40% des Verkaufserl\u00f6ses werden dem Kunden nach den 2 Monaten ausbezahlt. Die nicht verkaufte Ware geht an den Kunden zur\u00fcck.<\/p>\n<p>Es besteht die M\u00f6glichkeit, die nicht verkaufte Ware bei GutDing zu lassen. Wir spenden sie an die Multiple Sklerose Stiftung oder eine andere wohlt\u00e4tige Einrichtung.<\/p>\n<h2>Abholfrist<\/h2>\n<p>Der Kunde sollte sp\u00e4testens 4 Wochen nach Ablauf der 2 Monate seine nicht verkaufte Ware abholen. Nach dieser Zeit geben wir sie ohne weitere R\u00fccksprache in die Spende.<\/p>\n","protected":false},"excerpt":{"rendered":"<p>Warenannahme Die Warenannahme erfolgt nach vorheriger Terminvereinbarung. Bitte rufen Sie mich unter 08191 973 04 80 w\u00e4hrend meiner \u00d6ffnungszeiten an oder senden Sie mir eine Mail an edith.scheurich@gutding-landsberg.de GutDing Secondhand \u00fcbernimmt die gebrachte Ware f\u00fcr zwei Monate auf Kommission. Die Ware wird nicht angekauft. Pro Einlieferung nimmt GutDing max. 30 Bekleidungsteile pro Kunde an. Verkaufserl\u00f6s &hellip; <\/p>\n<p class=\"link-more\"><a href=\"https:\/\/gutding-landsberg.de\/?page_id=65\" class=\"more-link\"><span class=\"screen-reader-text\">\u201eWIE?\u201c<\/span> weiterlesen<\/a><\/p>\n","protected":false},"author":1,"featured_media":0,"parent":0,"menu_order":0,"comment_status":"closed","ping_status":"closed","template":"","meta":{"footnotes":""},"class_list":["post-65","page","type-page","status-publish","hentry"],"_links":{"self":[{"href":"https:\/\/gutding-landsberg.de\/index.php?rest_route=\/wp\/v2\/pages\/65","targetHints":{"allow":["GET"]}}],"collection":[{"href":"https:\/\/gutding-landsberg.de\/index.php?rest_route=\/wp\/v2\/pages"}],"about":[{"href":"https:\/\/gutding-landsberg.de\/index.php?rest_route=\/wp\/v2\/types\/page"}],"author":[{"embeddable":true,"href":"https:\/\/gutding-landsberg.de\/index.php?rest_route=\/wp\/v2\/users\/1"}],"replies":[{"embeddable":true,"href":"https:\/\/gutding-landsberg.de\/index.php?rest_route=%2Fwp%2Fv2%2Fcomments&post=65"}],"version-history":[{"count":16,"href":"https:\/\/gutding-landsberg.de\/index.php?rest_route=\/wp\/v2\/pages\/65\/revisions"}],"predecessor-version":[{"id":598,"href":"https:\/\/gutding-landsberg.de\/index.php?rest_route=\/wp\/v2\/pages\/65\/revisions\/598"}],"wp:attachment":[{"href":"https:\/\/gutding-landsberg.de\/index.php?rest_route=%2Fwp%2Fv2%2Fmedia&parent=65"}],"curies":[{"name":"wp","href":"https:\/\/api.w.org\/{rel}","templated":true}]}}