{"id":44,"date":"2018-04-03T13:47:07","date_gmt":"2018-04-03T13:47:07","guid":{"rendered":"http:\/\/GutDing.s17756220.onlinehome-server.info\/?page_id=44"},"modified":"2022-10-17T23:36:00","modified_gmt":"2022-10-17T21:36:00","slug":"was","status":"publish","type":"page","link":"https:\/\/gutding-landsberg.de\/?page_id=44","title":{"rendered":"WAS?"},"content":{"rendered":"<h2>SECOND HAND Edith Scheurich<\/h2>\n<div style=\"margin-left: -200px; position: absolute;\"><img decoding=\"async\" style=\"width: 150px; height: 150px;\" src=\"https:\/\/gutding-landsberg.de\/wp-content\/uploads\/2018\/04\/logo-150x150.png\" alt=\"\" \/><\/div>\n<div style=\"margin-left: -250px; margin-top: -20px; position: absolute;\"><img loading=\"lazy\" decoding=\"async\" width=\"150\" height=\"150\" class=\"size-thumbnail wp-image-86 alignnone\" style=\"width: 50px; height: 50px;\" src=\"https:\/\/gutding-landsberg.de\/wp-content\/uploads\/2018\/04\/logo-150x150.png\" alt=\"\" \/><\/div>\n<div style=\"margin-left: -150px; margin-top: 153px; position: absolute;\"><img loading=\"lazy\" decoding=\"async\" width=\"150\" height=\"150\" class=\"size-thumbnail wp-image-86 alignnone\" style=\"width: 40px; height: 40px;\" src=\"https:\/\/gutding-landsberg.de\/wp-content\/uploads\/2018\/04\/logo-150x150.png\" alt=\"\" \/><\/div>\n<div style=\"margin-left: -260px; margin-top: 130px; position: absolute;\"><img loading=\"lazy\" decoding=\"async\" width=\"150\" height=\"150\" class=\"size-thumbnail wp-image-86 alignnone\" style=\"width: 50px; height: 50px;\" src=\"https:\/\/gutding-landsberg.de\/wp-content\/uploads\/2018\/04\/logo-150x150.png\" alt=\"\" \/><\/div>\n<div style=\"margin-left: -290px; margin-top: 50px; position: absolute;\"><img loading=\"lazy\" decoding=\"async\" width=\"150\" height=\"150\" class=\"size-thumbnail wp-image-86 alignnone\" style=\"width: 60px; height: 60px;\" src=\"https:\/\/gutding-landsberg.de\/wp-content\/uploads\/2018\/04\/logo-150x150.png\" alt=\"\" \/><\/div>\n<div style=\"margin-left: -230px; margin-top: 190px; position: absolute;\"><img loading=\"lazy\" decoding=\"async\" width=\"150\" height=\"150\" class=\"size-thumbnail wp-image-86 alignnone\" style=\"width: 80px; height: 80px;\" src=\"https:\/\/gutding-landsberg.de\/wp-content\/uploads\/2018\/04\/logo-150x150.png\" alt=\"\" \/><\/div>\n<p>Sie finden bei mir preisg\u00fcnstige Basics &amp; Feines. Gro\u00dfe Namen, kleine &amp; keine Marken. Gut erhalten &amp; in einwandfreiem\u00a0 Zustand.<\/p>\n<p>Hier eine kleine \u00dcbersicht, was Sie zu mir bringen k\u00f6nnen:<\/p>\n<ul>\n<li style=\"list-style-type: none;\">\n<ul>\n<li>Bekleidung f\u00fcr Damen &#8211; frisch gewaschen &amp; geb\u00fcgelt -maximal 30 Teile pro Kunde<\/li>\n<li>Schuhe, Taschen, T\u00fccher und Accessoires<\/li>\n<li>Dekoartikel<\/li>\n<li>Keine Annahme von<br \/>\nTakko, Kik oder \u00e4hnliches<\/li>\n<\/ul>\n<\/li>\n<\/ul>\n","protected":false},"excerpt":{"rendered":"<p>SECOND HAND Edith Scheurich Sie finden bei mir preisg\u00fcnstige Basics &amp; Feines. Gro\u00dfe Namen, kleine &amp; keine Marken. Gut erhalten &amp; in einwandfreiem\u00a0 Zustand. Hier eine kleine \u00dcbersicht, was Sie zu mir bringen k\u00f6nnen: Bekleidung f\u00fcr Damen &#8211; frisch gewaschen &amp; geb\u00fcgelt -maximal 30 Teile pro Kunde Schuhe, Taschen, T\u00fccher und Accessoires Dekoartikel Keine Annahme &hellip; <\/p>\n<p class=\"link-more\"><a href=\"https:\/\/gutding-landsberg.de\/?page_id=44\" class=\"more-link\"><span class=\"screen-reader-text\">\u201eWAS?\u201c<\/span> weiterlesen<\/a><\/p>\n","protected":false},"author":1,"featured_media":0,"parent":0,"menu_order":0,"comment_status":"closed","ping_status":"closed","template":"","meta":{"footnotes":""},"class_list":["post-44","page","type-page","status-publish","hentry"],"_links":{"self":[{"href":"https:\/\/gutding-landsberg.de\/index.php?rest_route=\/wp\/v2\/pages\/44","targetHints":{"allow":["GET"]}}],"collection":[{"href":"https:\/\/gutding-landsberg.de\/index.php?rest_route=\/wp\/v2\/pages"}],"about":[{"href":"https:\/\/gutding-landsberg.de\/index.php?rest_route=\/wp\/v2\/types\/page"}],"author":[{"embeddable":true,"href":"https:\/\/gutding-landsberg.de\/index.php?rest_route=\/wp\/v2\/users\/1"}],"replies":[{"embeddable":true,"href":"https:\/\/gutding-landsberg.de\/index.php?rest_route=%2Fwp%2Fv2%2Fcomments&post=44"}],"version-history":[{"count":11,"href":"https:\/\/gutding-landsberg.de\/index.php?rest_route=\/wp\/v2\/pages\/44\/revisions"}],"predecessor-version":[{"id":591,"href":"https:\/\/gutding-landsberg.de\/index.php?rest_route=\/wp\/v2\/pages\/44\/revisions\/591"}],"wp:attachment":[{"href":"https:\/\/gutding-landsberg.de\/index.php?rest_route=%2Fwp%2Fv2%2Fmedia&parent=44"}],"curies":[{"name":"wp","href":"https:\/\/api.w.org\/{rel}","templated":true}]}}