{"id":183,"date":"2018-04-04T15:57:14","date_gmt":"2018-04-04T13:57:14","guid":{"rendered":"http:\/\/GutDing.s17756220.onlinehome-server.info\/?page_id=183"},"modified":"2024-08-23T14:43:47","modified_gmt":"2024-08-23T12:43:47","slug":"default","status":"publish","type":"page","link":"https:\/\/gutding-landsberg.de\/","title":{"rendered":"GutDing"},"content":{"rendered":"<div style=\"margin-left: -200px; position: absolute;\"><img loading=\"lazy\" decoding=\"async\" class=\"alignnone\" style=\"width: 150px; height: 150px;\" src=\"https:\/\/gutding-landsberg.de\/wp-content\/uploads\/2018\/04\/logo-150x150.png\" alt=\"\" width=\"150\" height=\"150\"><\/div>\n<div style=\"margin-left: -250px; margin-top: -20px; position: absolute;\"><img loading=\"lazy\" decoding=\"async\" class=\"alignnone wp-image-86 size-thumbnail\" style=\"width: 50px; height: 50px;\" src=\"https:\/\/gutding-landsberg.de\/wp-content\/uploads\/2018\/04\/logo-150x150.png\" alt=\"\" width=\"150\" height=\"150\"><\/div>\n<div style=\"margin-left: -150px; margin-top: 153px; position: absolute;\"><img loading=\"lazy\" decoding=\"async\" class=\"alignleft wp-image-86 size-thumbnail\" style=\"width: 40px; height: 40px;\" src=\"https:\/\/gutding-landsberg.de\/wp-content\/uploads\/2018\/04\/logo-150x150.png\" alt=\"\" width=\"150\" height=\"150\"><\/div>\n<div style=\"margin-left: -260px; margin-top: 130px; position: absolute;\"><img loading=\"lazy\" decoding=\"async\" class=\"alignleft wp-image-86 size-thumbnail\" style=\"width: 50px; height: 50px;\" src=\"https:\/\/gutding-landsberg.de\/wp-content\/uploads\/2018\/04\/logo-150x150.png\" alt=\"\" width=\"150\" height=\"150\"><\/div>\n<div style=\"margin-left: -290px; margin-top: 50px; position: absolute;\"><img loading=\"lazy\" decoding=\"async\" class=\"alignleft wp-image-86 size-thumbnail\" style=\"width: 60px; height: 60px;\" src=\"https:\/\/gutding-landsberg.de\/wp-content\/uploads\/2018\/04\/logo-150x150.png\" alt=\"\" width=\"150\" height=\"150\"><\/div>\n<div style=\"margin-left: -230px; margin-top: 190px; position: absolute;\"><img loading=\"lazy\" decoding=\"async\" class=\"alignleft wp-image-86 size-thumbnail\" style=\"width: 80px; height: 80px;\" src=\"https:\/\/gutding-landsberg.de\/wp-content\/uploads\/2018\/04\/logo-150x150.png\" alt=\"\" width=\"150\" height=\"150\"><\/div>\n<table style=\"width: 100%;\">\n<tbody>\n<tr>\n<td><img loading=\"lazy\" decoding=\"async\" class=\"wp-image-33 alignright\" src=\"https:\/\/gutding-landsberg.de\/wp-content\/uploads\/2018\/04\/logo2.png\" alt=\"\" width=\"150\" height=\"150\"><\/td>\n<\/tr>\n<tr>\n<td>\n<h3 style=\"text-align: right;\">&nbsp;<\/h3>\n<div style=\"text-align: right; color: #92d050; font-size: 36pt;\">SECOND HAND<\/div>\n<\/td>\n<\/tr>\n<\/tbody>\n<\/table>\n\n\n<p><\/p>\n\n\n\n<p><\/p>\n\n\n\n<p><\/p>\n\n\n\n<p class=\"has-vivid-red-color has-text-color has-link-color has-medium-font-size wp-elements-89c0897f668c445c3bf10f2af1913c91\"><\/p>\n\n\n\n<p><\/p>\n\n\n\n<p><\/p>\n\n\n\n<p>Am 1. Juni 2022 habe ich den Second Hand Laden&nbsp;<strong>GutDing<\/strong>&nbsp;\u00fcbernommen:<\/p>\n\n\n\n<p>Hochwertige Mode aus zweiter Hand f\u00fcr marken- und preisbewusste Frauen!<\/p>\n\n\n\n<p>Auch wunderbare  Accessoires wie Taschen, H\u00fcte, M\u00fctzen, T\u00fccher Schals und Schmuck oder auch Schuhe findet man bei mir!<\/p>\n\n\n\n<p>Einfach in entspannter Atmosph\u00e4re in aller Ruhe st\u00f6bern <\/p>\n\n\n\n<p>und ausgew\u00e4hlte Sch\u00e4tze finden. <\/p>\n\n\n\n<p><\/p>\n\n\n\n<p>Sie k\u00f6nnen mich erreichen:<\/p>\n\n\n\n<p>im Laden unter 08191 9730480,<\/p>\n\n\n\n<p>per WhatsApp unter 0174 8330042 <\/p>\n\n\n\n<p>oder per Email unter <a href=\"mailto:edith.scheurich@gutding-landsberg.de\">edith.scheurich@gutding-landsberg.de<\/a>.<\/p>\n\n\n\n<p><\/p>\n\n\n\n<p>Unsere Branche leistet in diesen  Zeiten einen positiven Beitrag in unserem, teils sehr schnelllebigen Konsumverhalten!<\/p>\n\n\n\n<p><br>Es macht mir Freude, sch\u00f6nen Dingen, eine 2. Chance zu geben. <\/p>\n\n\n\n<p class=\"has-text-align-center\">DAS IST DIE KUNST:<\/p>\n\n\n\n<p class=\"has-text-align-center\">Sich f\u00fcr wenig Geld besondere Dinge zu g\u00f6nnen!!!<\/p>\n\n\n\n<p class=\"has-text-align-center\">ICH FREUE MICH AUF SIE!!! <\/p>\n\n\n\n<p class=\"has-text-align-center\">Ihre Edith Scheurich<\/p>\n\n\n\n<p><\/p>\n\n\n\n<p><\/p>\n\n\n\n<p><\/p>\n","protected":false},"excerpt":{"rendered":"<p>&nbsp; SECOND HAND Am 1. Juni 2022 habe ich den Second Hand Laden&nbsp;GutDing&nbsp;\u00fcbernommen: Hochwertige Mode aus zweiter Hand f\u00fcr marken- und preisbewusste Frauen! Auch wunderbare Accessoires wie Taschen, H\u00fcte, M\u00fctzen, T\u00fccher Schals und Schmuck oder auch Schuhe findet man bei mir! Einfach in entspannter Atmosph\u00e4re in aller Ruhe st\u00f6bern und ausgew\u00e4hlte Sch\u00e4tze finden. Sie k\u00f6nnen &hellip; <\/p>\n<p class=\"link-more\"><a href=\"https:\/\/gutding-landsberg.de\/\" class=\"more-link\"><span class=\"screen-reader-text\">\u201eGutDing\u201c<\/span> weiterlesen<\/a><\/p>\n","protected":false},"author":1,"featured_media":0,"parent":0,"menu_order":0,"comment_status":"closed","ping_status":"closed","template":"","meta":{"footnotes":""},"class_list":["post-183","page","type-page","status-publish","hentry"],"_links":{"self":[{"href":"https:\/\/gutding-landsberg.de\/index.php?rest_route=\/wp\/v2\/pages\/183","targetHints":{"allow":["GET"]}}],"collection":[{"href":"https:\/\/gutding-landsberg.de\/index.php?rest_route=\/wp\/v2\/pages"}],"about":[{"href":"https:\/\/gutding-landsberg.de\/index.php?rest_route=\/wp\/v2\/types\/page"}],"author":[{"embeddable":true,"href":"https:\/\/gutding-landsberg.de\/index.php?rest_route=\/wp\/v2\/users\/1"}],"replies":[{"embeddable":true,"href":"https:\/\/gutding-landsberg.de\/index.php?rest_route=%2Fwp%2Fv2%2Fcomments&post=183"}],"version-history":[{"count":32,"href":"https:\/\/gutding-landsberg.de\/index.php?rest_route=\/wp\/v2\/pages\/183\/revisions"}],"predecessor-version":[{"id":645,"href":"https:\/\/gutding-landsberg.de\/index.php?rest_route=\/wp\/v2\/pages\/183\/revisions\/645"}],"wp:attachment":[{"href":"https:\/\/gutding-landsberg.de\/index.php?rest_route=%2Fwp%2Fv2%2Fmedia&parent=183"}],"curies":[{"name":"wp","href":"https:\/\/api.w.org\/{rel}","templated":true}]}}